{"id":242,"date":"2019-10-04T13:43:50","date_gmt":"2019-10-04T13:43:50","guid":{"rendered":"https:\/\/moldanservice.md\/?page_id=242"},"modified":"2020-03-21T15:22:25","modified_gmt":"2020-03-21T15:22:25","slug":"centre-functionale-de-imagistica-prin-tomografie-computerizata-la-cheie","status":"publish","type":"page","link":"https:\/\/moldanservice.md\/ro\/centre-functionale-de-imagistica-prin-tomografie-computerizata-la-cheie\/","title":{"rendered":"Centre Func\u021bionale CT \u201ela cheie&#8221;"},"content":{"rendered":"<div class=\"wpb-content-wrapper\"><p>[vc_row][vc_column]<div class=\"porto-feature-box wpb_content_element \"><div class=\"feature-box feature-box-style-2\"><div class=\"feature-box-info p-none\">[vc_custom_heading text=&#8221;Centre Func\u021bionale CT \u201ela cheie&#8222;&#8221; use_theme_fonts=&#8221;yes&#8221; el_class=&#8221;m-b-md&#8221;][vc_column_text el_class=&#8221;lead&#8221;]Compania ofer\u0103 \u00een loca\u021biune institu\u021biilor medicale de stat si celor private, Centre func\u021bionale de Imagistic\u0103 prin Tomografia Computerizata (CT) \u00een construc\u021bii modulare moderne \u201ela cheie\u201d.<\/p>\n<p>Preconiz\u0103m s\u0103 asambl\u0103m \u0219i s\u0103 d\u0103m \u00een loca\u021biune Centre Func\u021bionale de Imagistic\u0103 prin Tomografie Computerizat\u0103 pe tot teritoriul Republicii Moldova, UTA G\u0103g\u0103uzia \u0219i Partea Transnistrean\u0103.<\/p>\n<p>La moment suntem la etapa lucr\u0103rilor asupra viitoarelor proiecte.[\/vc_column_text][vc_single_image image=&#8221;1551&#8243; img_size=&#8221;750&#215;430&#8243; alignment=&#8221;center&#8221;]<\/div><\/div><\/div>[\/vc_column][\/vc_row][vc_row][vc_column][\/vc_column][\/vc_row]<\/p>\n<\/div>","protected":false},"excerpt":{"rendered":"<p>[vc_row][vc_column][\/vc_column][\/vc_row][vc_row][vc_column][\/vc_column][\/vc_row]<\/p>\n","protected":false},"author":3,"featured_media":0,"parent":0,"menu_order":0,"comment_status":"closed","ping_status":"closed","template":"","meta":{"footnotes":""},"class_list":["post-242","page","type-page","status-publish","hentry"],"_links":{"self":[{"href":"https:\/\/moldanservice.md\/ro\/wp-json\/wp\/v2\/pages\/242","targetHints":{"allow":["GET"]}}],"collection":[{"href":"https:\/\/moldanservice.md\/ro\/wp-json\/wp\/v2\/pages"}],"about":[{"href":"https:\/\/moldanservice.md\/ro\/wp-json\/wp\/v2\/types\/page"}],"author":[{"embeddable":true,"href":"https:\/\/moldanservice.md\/ro\/wp-json\/wp\/v2\/users\/3"}],"replies":[{"embeddable":true,"href":"https:\/\/moldanservice.md\/ro\/wp-json\/wp\/v2\/comments?post=242"}],"version-history":[{"count":0,"href":"https:\/\/moldanservice.md\/ro\/wp-json\/wp\/v2\/pages\/242\/revisions"}],"wp:attachment":[{"href":"https:\/\/moldanservice.md\/ro\/wp-json\/wp\/v2\/media?parent=242"}],"curies":[{"name":"wp","href":"https:\/\/api.w.org\/{rel}","templated":true}]}}