{"id":214,"date":"2019-10-04T12:36:07","date_gmt":"2019-10-04T12:36:07","guid":{"rendered":"https:\/\/moldanservice.md\/?page_id=214"},"modified":"2025-08-01T08:56:56","modified_gmt":"2025-08-01T05:56:56","slug":"despre-noi","status":"publish","type":"page","link":"https:\/\/moldanservice.md\/ro\/despre-noi\/","title":{"rendered":"Despre Noi"},"content":{"rendered":"<div class=\"wpb-content-wrapper\"><p>[vc_row][vc_column][vc_empty_space height=&#8221;22px&#8221;][vc_single_image image=&#8221;1164&#8243; img_size=&#8221;850&#215;400&#8243; alignment=&#8221;center&#8221;][\/vc_column][\/vc_row][vc_row][vc_column width=&#8221;2\/3&#8243; offset=&#8221;vc_col-md-8&#8243;][vc_column_text el_class=&#8221;lead&#8221;]Compania mixt\u0103 Moldo-American\u0103 \u201eMolDan\u201d SRL \u2013 o \u00centreprindere cu peste 24 de ani de experien\u021b\u0103 pe pia\u021ba tehnico-medical\u0103 din Republica Moldova, ofer\u0103 \u00een loca\u021biune institu\u021biilor medicale de stat si celor private, Centre func\u021bionale de Imagistic\u0103 prin Rezonan\u021b\u0103 Magnetic\u0103 (IRM), Tomografie Computerizat\u0103 (CT) si Radiologie (X-Ray) \u00een construc\u021bii modulare moderne \u201ela cheie\u201d.<\/p>\n<p>Compania \u201cMolDan\u201d SRL a fost \u00eenfiin\u021bat\u0103 \u00een 1992 ca o companie mixt\u0103 Moldo-Daneza. \u00cen anul 2003 compania a fost reorganizat\u0103 \u00een \u00centreprinderea mixt\u0103 Moldo-American\u0103. De asemenea compania \u201eMolDan Service\u201d SRL a fost reorganizat\u0103 \u00een 2018 \u00een o \u00centreprindere mixt\u0103 Moldo-Americana. Ambele companii lucreaz\u0103 cu suportul Societ\u0103\u021bii Civile \u201eMolDan Holding\u201d.[\/vc_column_text][\/vc_column][vc_column width=&#8221;1\/3&#8243; offset=&#8221;vc_col-md-4&#8243;][vc_single_image image=&#8221;1024&#8243; img_size=&#8221;700&#215;400&#8243; onclick=&#8221;link_image&#8221;][\/vc_column][\/vc_row][vc_row full_width=&#8221;stretch_row_content_no_spaces&#8221; wrap_container=&#8221;yes&#8221; is_section=&#8221;yes&#8221; remove_border=&#8221;yes&#8221; el_class=&#8221;m-b-n-xl m-t-xl&#8221;][vc_column width=&#8221;1\/6&#8243; el_class=&#8221;col-sm-9&#8243;][\/vc_column][vc_column width=&#8221;2\/3&#8243;][vc_custom_heading text=&#8221;Dac\u0103 sunte\u021bi cointeresa\u021bi despre produsele din Catalogul Medicului sau \u00een serviciile companiei noastre&#8221; font_container=&#8221;tag:h3|text_align:center&#8221; use_theme_fonts=&#8221;yes&#8221; el_class=&#8221;m-b-sm&#8221;][vc_btn title=&#8221;V\u0103 rug\u0103m s\u0103 trimite\u021bi un mesaj aici&#8221; style=&#8221;outline&#8221; color=&#8221;primary&#8221; align=&#8221;center&#8221; link=&#8221;url:https%3A%2F%2Fmoldanservice.md%2Fexpediaza-ne-un-mesaj%2F%3Flang%3Dro&#8221;][\/vc_column][vc_column width=&#8221;1\/6&#8243;][\/vc_column][\/vc_row]<\/p>\n<\/div>","protected":false},"excerpt":{"rendered":"<p>[vc_row][vc_column][vc_empty_space height=&#8221;22px&#8221;][vc_single_image image=&#8221;1164&#8243; img_size=&#8221;850&#215;400&#8243; alignment=&#8221;center&#8221;][\/vc_column][\/vc_row][vc_row][vc_column width=&#8221;2\/3&#8243; offset=&#8221;vc_col-md-8&#8243;][vc_column_text el_class=&#8221;lead&#8221;]Compania mixt\u0103 Moldo-American\u0103 \u201eMolDan\u201d SRL \u2013 o \u00centreprindere cu peste 24 de ani de experien\u021b\u0103 pe pia\u021ba tehnico-medical\u0103 din Republica Moldova, ofer\u0103 \u00een loca\u021biune institu\u021biilor medicale de stat si celor private, Centre func\u021bionale de Imagistic\u0103 prin Rezonan\u021b\u0103 Magnetic\u0103 (IRM), Tomografie Computerizat\u0103 (CT) si Radiologie (X-Ray) \u00een construc\u021bii modulare [&hellip;]<\/p>\n","protected":false},"author":3,"featured_media":0,"parent":0,"menu_order":0,"comment_status":"closed","ping_status":"closed","template":"","meta":{"footnotes":""},"class_list":["post-214","page","type-page","status-publish","hentry"],"_links":{"self":[{"href":"https:\/\/moldanservice.md\/ro\/wp-json\/wp\/v2\/pages\/214","targetHints":{"allow":["GET"]}}],"collection":[{"href":"https:\/\/moldanservice.md\/ro\/wp-json\/wp\/v2\/pages"}],"about":[{"href":"https:\/\/moldanservice.md\/ro\/wp-json\/wp\/v2\/types\/page"}],"author":[{"embeddable":true,"href":"https:\/\/moldanservice.md\/ro\/wp-json\/wp\/v2\/users\/3"}],"replies":[{"embeddable":true,"href":"https:\/\/moldanservice.md\/ro\/wp-json\/wp\/v2\/comments?post=214"}],"version-history":[{"count":1,"href":"https:\/\/moldanservice.md\/ro\/wp-json\/wp\/v2\/pages\/214\/revisions"}],"predecessor-version":[{"id":3781,"href":"https:\/\/moldanservice.md\/ro\/wp-json\/wp\/v2\/pages\/214\/revisions\/3781"}],"wp:attachment":[{"href":"https:\/\/moldanservice.md\/ro\/wp-json\/wp\/v2\/media?parent=214"}],"curies":[{"name":"wp","href":"https:\/\/api.w.org\/{rel}","templated":true}]}}